{"id":4,"date":"2019-10-03T14:03:36","date_gmt":"2019-10-03T17:03:36","guid":{"rendered":"https:\/\/www.kerciamelo.com.br\/?page_id=4"},"modified":"2024-01-09T22:12:47","modified_gmt":"2024-01-10T01:12:47","slug":"kercia-melo-fonoaudiologa","status":"publish","type":"page","link":"https:\/\/www.kerciamelo.com.br\/","title":{"rendered":"K\u00e9rcia Melo &#8211; Fonoaudi\u00f3loga"},"content":{"rendered":"\t\t<div data-elementor-type=\"wp-page\" data-elementor-id=\"4\" class=\"elementor elementor-4\">\n\t\t\t\t\t\t<section class=\"elementor-section elementor-top-section elementor-element elementor-element-359d753 elementor-section-boxed elementor-section-height-default elementor-section-height-default\" data-id=\"359d753\" data-element_type=\"section\" data-e-type=\"section\">\n\t\t\t\t\t\t<div class=\"elementor-container elementor-column-gap-default\">\n\t\t\t\t\t<div class=\"elementor-column elementor-col-25 elementor-top-column elementor-element elementor-element-3de8e94\" data-id=\"3de8e94\" data-element_type=\"column\" data-e-type=\"column\">\n\t\t\t<div class=\"elementor-widget-wrap\">\n\t\t\t\t\t\t\t<\/div>\n\t\t<\/div>\n\t\t\t\t<div class=\"elementor-column elementor-col-25 elementor-top-column elementor-element elementor-element-b80ad56\" data-id=\"b80ad56\" data-element_type=\"column\" data-e-type=\"column\">\n\t\t\t<div class=\"elementor-widget-wrap elementor-element-populated\">\n\t\t\t\t\t\t<div class=\"elementor-element elementor-element-f51a119 elementor-widget elementor-widget-heading\" data-id=\"f51a119\" data-element_type=\"widget\" data-e-type=\"widget\" data-settings=\"{&quot;_animation&quot;:&quot;none&quot;}\" data-widget_type=\"heading.default\">\n\t\t\t\t<div class=\"elementor-widget-container\">\n\t\t\t\t\t<h1 class=\"elementor-heading-title elementor-size-small\"><a href=\"#sobremim\" target=\"_blank\"><span> Sobre <br>\nMim <\/span><\/a><\/h1>\t\t\t\t<\/div>\n\t\t\t\t<\/div>\n\t\t\t\t\t<\/div>\n\t\t<\/div>\n\t\t\t\t<div class=\"elementor-column elementor-col-25 elementor-top-column elementor-element elementor-element-039af27\" data-id=\"039af27\" data-element_type=\"column\" data-e-type=\"column\">\n\t\t\t<div class=\"elementor-widget-wrap elementor-element-populated\">\n\t\t\t\t\t\t<div class=\"elementor-element elementor-element-2f4f056 elementor-widget elementor-widget-heading\" data-id=\"2f4f056\" data-element_type=\"widget\" data-e-type=\"widget\" data-settings=\"{&quot;_animation&quot;:&quot;none&quot;}\" data-widget_type=\"heading.default\">\n\t\t\t\t<div class=\"elementor-widget-container\">\n\t\t\t\t\t<h1 class=\"elementor-heading-title elementor-size-small\"><a href=\"#ondeestou\"><span> Onde <br>\nEstou <\/span><\/a><\/h1>\t\t\t\t<\/div>\n\t\t\t\t<\/div>\n\t\t\t\t\t<\/div>\n\t\t<\/div>\n\t\t\t\t<div class=\"elementor-column elementor-col-25 elementor-top-column elementor-element elementor-element-4a2866c\" data-id=\"4a2866c\" data-element_type=\"column\" data-e-type=\"column\">\n\t\t\t<div class=\"elementor-widget-wrap elementor-element-populated\">\n\t\t\t\t\t\t<div class=\"elementor-element elementor-element-f46e651 elementor-widget elementor-widget-image\" data-id=\"f46e651\" data-element_type=\"widget\" data-e-type=\"widget\" data-widget_type=\"image.default\">\n\t\t\t\t<div class=\"elementor-widget-container\">\n\t\t\t\t\t\t\t\t\t\t\t\t\t\t\t\t<a href=\"https:\/\/www.instagram.com\/kerciamelo.fono\/\" target=\"_blank\">\n\t\t\t\t\t\t\t<img decoding=\"async\" src=\"https:\/\/www.kerciamelo.com.br\/wp-content\/uploads\/elementor\/thumbs\/instagran-p8wuyn56kp0euyq2216fqbmweoxqzy6smumjgzstve.png\" title=\"Instagram\" alt=\"Encaminha a p\u00e1gina do Instagram\" loading=\"lazy\" \/>\t\t\t\t\t\t\t\t<\/a>\n\t\t\t\t\t\t\t\t\t\t\t\t\t\t\t<\/div>\n\t\t\t\t<\/div>\n\t\t\t\t\t<\/div>\n\t\t<\/div>\n\t\t\t\t\t<\/div>\n\t\t<\/section>\n\t\t\t\t<div class=\"elementor-section elementor-top-section elementor-element elementor-element-a29b626 elementor-section-boxed elementor-section-height-default elementor-section-height-default\" data-id=\"a29b626\" data-element_type=\"section\" data-e-type=\"section\" data-settings=\"{&quot;background_background&quot;:&quot;classic&quot;}\">\n\t\t\t\t\t\t<div class=\"elementor-container elementor-column-gap-extended\">\n\t\t\t\t\t<div class=\"elementor-column elementor-col-50 elementor-top-column elementor-element elementor-element-d432aa3\" data-id=\"d432aa3\" data-element_type=\"column\" data-e-type=\"column\" data-settings=\"{&quot;background_background&quot;:&quot;classic&quot;}\">\n\t\t\t<div class=\"elementor-widget-wrap elementor-element-populated\">\n\t\t\t\t\t\t<div class=\"elementor-element elementor-element-3b15def elementor-invisible elementor-widget elementor-widget-heading\" data-id=\"3b15def\" data-element_type=\"widget\" data-e-type=\"widget\" data-settings=\"{&quot;_animation&quot;:&quot;fadeInDown&quot;}\" data-widget_type=\"heading.default\">\n\t\t\t\t<div class=\"elementor-widget-container\">\n\t\t\t\t\t<h1 class=\"elementor-heading-title elementor-size-xl\"><br><span style=\", Roboto, Helvetica, Arial, sans-serif;font-size: 32px;font-weight: 400;text-align: start;white-space: normal\">Auxilio crian\u00e7as e suas fam\u00edlias a desenvolver e aprimorar suas habilidades comunicativas.\ud83d\udc68\u200d\ud83d\udc69\u200d\ud83d\udc67\u200d\ud83d\udc66\ud83d\udcac<\/span><br style=\", Roboto, Helvetica, Arial, sans-serif;font-size: 16px;font-weight: 400;text-align: start;white-space: normal\"><span style=\", Roboto, Helvetica, Arial, sans-serif;font-size: 32px;font-weight: 400;text-align: start;white-space: normal\">Fonoterapia com acolhimento, amor e divers\u00e3o! \ud83e\udde9\u2764<\/span><\/h1>\t\t\t\t<\/div>\n\t\t\t\t<\/div>\n\t\t\t\t\t<\/div>\n\t\t<\/div>\n\t\t\t\t<div class=\"elementor-column elementor-col-50 elementor-top-column elementor-element elementor-element-7d77df9\" data-id=\"7d77df9\" data-element_type=\"column\" data-e-type=\"column\" data-settings=\"{&quot;background_background&quot;:&quot;slideshow&quot;,&quot;background_slideshow_gallery&quot;:[],&quot;background_slideshow_loop&quot;:&quot;yes&quot;,&quot;background_slideshow_slide_duration&quot;:5000,&quot;background_slideshow_slide_transition&quot;:&quot;fade&quot;,&quot;background_slideshow_transition_duration&quot;:500}\">\n\t\t\t<div class=\"elementor-widget-wrap elementor-element-populated\">\n\t\t\t\t\t\t<div class=\"elementor-element elementor-element-89cb6e3 elementor-widget elementor-widget-image\" data-id=\"89cb6e3\" data-element_type=\"widget\" data-e-type=\"widget\" data-widget_type=\"image.default\">\n\t\t\t\t<div class=\"elementor-widget-container\">\n\t\t\t\t\t\t\t\t\t\t\t\t\t\t\t<img fetchpriority=\"high\" decoding=\"async\" width=\"696\" height=\"1024\" src=\"https:\/\/www.kerciamelo.com.br\/wp-content\/uploads\/2024\/01\/WhatsApp-Image-2024-01-09-at-21.57.16-696x1024.jpeg\" class=\"attachment-large size-large wp-image-72\" alt=\"\" srcset=\"https:\/\/www.kerciamelo.com.br\/wp-content\/uploads\/2024\/01\/WhatsApp-Image-2024-01-09-at-21.57.16-696x1024.jpeg 696w, https:\/\/www.kerciamelo.com.br\/wp-content\/uploads\/2024\/01\/WhatsApp-Image-2024-01-09-at-21.57.16-204x300.jpeg 204w, https:\/\/www.kerciamelo.com.br\/wp-content\/uploads\/2024\/01\/WhatsApp-Image-2024-01-09-at-21.57.16-768x1131.jpeg 768w, https:\/\/www.kerciamelo.com.br\/wp-content\/uploads\/2024\/01\/WhatsApp-Image-2024-01-09-at-21.57.16-1043x1536.jpeg 1043w, https:\/\/www.kerciamelo.com.br\/wp-content\/uploads\/2024\/01\/WhatsApp-Image-2024-01-09-at-21.57.16-1391x2048.jpeg 1391w, https:\/\/www.kerciamelo.com.br\/wp-content\/uploads\/2024\/01\/WhatsApp-Image-2024-01-09-at-21.57.16-scaled.jpeg 1739w\" sizes=\"(max-width: 696px) 100vw, 696px\" \/>\t\t\t\t\t\t\t\t\t\t\t\t\t\t\t<\/div>\n\t\t\t\t<\/div>\n\t\t\t\t\t<\/div>\n\t\t<\/div>\n\t\t\t\t\t<\/div>\n\t\t<\/div>\n\t\t\t\t<section class=\"elementor-section elementor-top-section elementor-element elementor-element-6a607a7 elementor-section-full_width elementor-section-height-default elementor-section-height-default\" data-id=\"6a607a7\" data-element_type=\"section\" data-e-type=\"section\" data-settings=\"{&quot;background_background&quot;:&quot;classic&quot;}\">\n\t\t\t\t\t\t<div class=\"elementor-container elementor-column-gap-default\">\n\t\t\t\t\t<div class=\"elementor-column elementor-col-50 elementor-top-column elementor-element elementor-element-755d727\" data-id=\"755d727\" data-element_type=\"column\" data-e-type=\"column\">\n\t\t\t<div class=\"elementor-widget-wrap elementor-element-populated\">\n\t\t\t\t\t\t<div class=\"elementor-element elementor-element-7c0d66c elementor-widget elementor-widget-heading\" data-id=\"7c0d66c\" data-element_type=\"widget\" data-e-type=\"widget\" data-settings=\"{&quot;_animation&quot;:&quot;none&quot;}\" data-widget_type=\"heading.default\">\n\t\t\t\t<div class=\"elementor-widget-container\">\n\t\t\t\t\t<h2 class=\"elementor-heading-title elementor-size-large\"><a href=\"https:\/\/api.whatsapp.com\/send?phone=5531996914393&#038;text=Ol%C3%A1%20K%C3%A9rcia!%20Entrei%20no%20seu%20site%20e%20queria%20tirar%20uma%20d%C3%BAvida.\" target=\"_blank\">31.99691-4393<\/a><\/h2>\t\t\t\t<\/div>\n\t\t\t\t<\/div>\n\t\t\t\t\t<\/div>\n\t\t<\/div>\n\t\t\t\t<div class=\"elementor-column elementor-col-50 elementor-top-column elementor-element elementor-element-9cdd280\" data-id=\"9cdd280\" data-element_type=\"column\" data-e-type=\"column\">\n\t\t\t<div class=\"elementor-widget-wrap elementor-element-populated\">\n\t\t\t\t\t\t<div class=\"elementor-element elementor-element-6783c67 elementor-widget elementor-widget-heading\" data-id=\"6783c67\" data-element_type=\"widget\" data-e-type=\"widget\" data-settings=\"{&quot;_animation&quot;:&quot;none&quot;}\" data-widget_type=\"heading.default\">\n\t\t\t\t<div class=\"elementor-widget-container\">\n\t\t\t\t\t<h2 class=\"elementor-heading-title elementor-size-large\"><a href=\"mailto:contato@kerciamelo.com.br\" target=\"_blank\">contato@kerciamelo.com.br<\/a><\/h2>\t\t\t\t<\/div>\n\t\t\t\t<\/div>\n\t\t\t\t\t<\/div>\n\t\t<\/div>\n\t\t\t\t\t<\/div>\n\t\t<\/section>\n\t\t\t\t<section class=\"elementor-section elementor-top-section elementor-element elementor-element-2e3e393 elementor-section-boxed elementor-section-height-default elementor-section-height-default\" data-id=\"2e3e393\" data-element_type=\"section\" data-e-type=\"section\" data-settings=\"{&quot;background_background&quot;:&quot;classic&quot;}\">\n\t\t\t\t\t\t<div class=\"elementor-container elementor-column-gap-default\">\n\t\t\t\t\t<div class=\"elementor-column elementor-col-100 elementor-top-column elementor-element elementor-element-76d46d7\" data-id=\"76d46d7\" data-element_type=\"column\" data-e-type=\"column\" data-settings=\"{&quot;background_background&quot;:&quot;classic&quot;}\">\n\t\t\t<div class=\"elementor-widget-wrap elementor-element-populated\">\n\t\t\t\t\t\t<div class=\"elementor-element elementor-element-9f9cb78 elementor-widget elementor-widget-text-editor\" data-id=\"9f9cb78\" data-element_type=\"widget\" data-e-type=\"widget\" id=\"sobremim\" data-widget_type=\"text-editor.default\">\n\t\t\t\t<div class=\"elementor-widget-container\">\n\t\t\t\t\t\t\t\t\t<h2 style=\"text-align: center;\">Sobre mim:<\/h2><h4 style=\"text-align: justify; background-color: #f2c78d;\">Sou K\u00e9rcia Melo.<br \/>Fonoaudi\u00f3loga graduada pela UFMG em 2013. Atuo com desenvolvimento infantil no que diz respeito \u00e0 fala, linguagem e transtornos de aprendizagem.<br \/>AMO o fato de poder trabalhar unindo o brincar e o aprender. Acredito que um bom profissional nunca para de buscar embasamento e conhecimentos cient\u00edficos para atender as necessidades de seus pacientes.<\/h4>\t\t\t\t\t\t\t\t<\/div>\n\t\t\t\t<\/div>\n\t\t\t\t\t<\/div>\n\t\t<\/div>\n\t\t\t\t\t<\/div>\n\t\t<\/section>\n\t\t\t\t<section class=\"elementor-section elementor-top-section elementor-element elementor-element-5b4bca1 elementor-section-boxed elementor-section-height-default elementor-section-height-default\" data-id=\"5b4bca1\" data-element_type=\"section\" data-e-type=\"section\">\n\t\t\t\t\t\t<div class=\"elementor-container elementor-column-gap-default\">\n\t\t\t\t\t<div class=\"elementor-column elementor-col-100 elementor-top-column elementor-element elementor-element-6d01efc\" data-id=\"6d01efc\" data-element_type=\"column\" data-e-type=\"column\">\n\t\t\t<div class=\"elementor-widget-wrap elementor-element-populated\">\n\t\t\t\t\t\t<div class=\"elementor-element elementor-element-8dd35b4 elementor-widget elementor-widget-heading\" data-id=\"8dd35b4\" data-element_type=\"widget\" data-e-type=\"widget\" data-settings=\"{&quot;_animation&quot;:&quot;none&quot;}\" data-widget_type=\"heading.default\">\n\t\t\t\t<div class=\"elementor-widget-container\">\n\t\t\t\t\t<h1 class=\"elementor-heading-title elementor-size-large\"><a href=\"#sobremim\" target=\"_blank\">Onde Estou:<\/a><\/h1>\t\t\t\t<\/div>\n\t\t\t\t<\/div>\n\t\t\t\t\t<\/div>\n\t\t<\/div>\n\t\t\t\t\t<\/div>\n\t\t<\/section>\n\t\t\t\t<section class=\"elementor-section elementor-top-section elementor-element elementor-element-93c0514 elementor-section-boxed elementor-section-height-default elementor-section-height-default\" data-id=\"93c0514\" data-element_type=\"section\" data-e-type=\"section\">\n\t\t\t\t\t\t<div class=\"elementor-container elementor-column-gap-default\">\n\t\t\t\t\t<div class=\"elementor-column elementor-col-100 elementor-top-column elementor-element elementor-element-41ccb11\" data-id=\"41ccb11\" data-element_type=\"column\" data-e-type=\"column\">\n\t\t\t<div class=\"elementor-widget-wrap elementor-element-populated\">\n\t\t\t\t\t\t<div class=\"elementor-element elementor-element-502eed0 elementor-widget elementor-widget-google_maps\" data-id=\"502eed0\" data-element_type=\"widget\" data-e-type=\"widget\" id=\"ondeestou\" data-widget_type=\"google_maps.default\">\n\t\t\t\t<div class=\"elementor-widget-container\">\n\t\t\t\t\t\t\t<div class=\"elementor-custom-embed\">\n\t\t\t<iframe loading=\"lazy\"\n\t\t\t\t\tsrc=\"https:\/\/maps.google.com\/maps?q=K%C3%A9rcia%20Melo%20-%20Fonoaudiologia&#038;t=m&#038;z=17&#038;output=embed&#038;iwloc=near\"\n\t\t\t\t\ttitle=\"K\u00e9rcia Melo - Fonoaudiologia\"\n\t\t\t\t\taria-label=\"K\u00e9rcia Melo - Fonoaudiologia\"\n\t\t\t><\/iframe>\n\t\t<\/div>\n\t\t\t\t\t\t<\/div>\n\t\t\t\t<\/div>\n\t\t\t\t\t<\/div>\n\t\t<\/div>\n\t\t\t\t\t<\/div>\n\t\t<\/section>\n\t\t\t\t<\/div>\n\t\t","protected":false},"excerpt":{"rendered":"<p>Sobre Mim Onde Estou Auxilio crian\u00e7as e suas fam\u00edlias a desenvolver e aprimorar suas habilidades comunicativas.&#x1f468;&#x200d;&#x1f469;&#x200d;&#x1f467;&#x200d;&#x1f466;&#x1f4ac;Fonoterapia com acolhimento, amor e divers\u00e3o! &#x1f9e9;&#x2764; 31.99691-4393 contato@kerciamelo.com.br Sobre mim: Sou K\u00e9rcia Melo.Fonoaudi\u00f3loga graduada pela UFMG em 2013. Atuo com desenvolvimento infantil no que diz respeito \u00e0 fala, linguagem e transtornos de aprendizagem.AMO o fato de poder trabalhar unindo [&hellip;]<\/p>\n","protected":false},"author":1,"featured_media":0,"parent":0,"menu_order":0,"comment_status":"closed","ping_status":"closed","template":"elementor_header_footer","meta":{"footnotes":""},"class_list":["post-4","page","type-page","status-publish","hentry"],"_links":{"self":[{"href":"https:\/\/www.kerciamelo.com.br\/index.php?rest_route=\/wp\/v2\/pages\/4","targetHints":{"allow":["GET"]}}],"collection":[{"href":"https:\/\/www.kerciamelo.com.br\/index.php?rest_route=\/wp\/v2\/pages"}],"about":[{"href":"https:\/\/www.kerciamelo.com.br\/index.php?rest_route=\/wp\/v2\/types\/page"}],"author":[{"embeddable":true,"href":"https:\/\/www.kerciamelo.com.br\/index.php?rest_route=\/wp\/v2\/users\/1"}],"replies":[{"embeddable":true,"href":"https:\/\/www.kerciamelo.com.br\/index.php?rest_route=%2Fwp%2Fv2%2Fcomments&post=4"}],"version-history":[{"count":36,"href":"https:\/\/www.kerciamelo.com.br\/index.php?rest_route=\/wp\/v2\/pages\/4\/revisions"}],"predecessor-version":[{"id":79,"href":"https:\/\/www.kerciamelo.com.br\/index.php?rest_route=\/wp\/v2\/pages\/4\/revisions\/79"}],"wp:attachment":[{"href":"https:\/\/www.kerciamelo.com.br\/index.php?rest_route=%2Fwp%2Fv2%2Fmedia&parent=4"}],"curies":[{"name":"wp","href":"https:\/\/api.w.org\/{rel}","templated":true}]}}